{"id":62803,"date":"2024-08-14T09:00:00","date_gmt":"2024-08-14T09:00:00","guid":{"rendered":"https:\/\/www.genius-versand.de\/blog\/?page_id=3067"},"modified":"2024-08-14T09:00:00","modified_gmt":"2024-08-14T09:00:00","slug":"tipps","status":"publish","type":"page","link":"https:\/\/www.genius-versand.de\/blog\/tipps\/","title":{"rendered":"Tipps &#038; Tricks: Ratgeber f\u00fcr den Alltag"},"content":{"rendered":"<h2>Praktische Tipps &#038; Tricks f\u00fcr zuhause<\/h2>\n<ul>\n<li><a href=\"\/blog\/waschmaschine-richtig-reinigen\/\">Waschmaschine richtig reinigen<\/a><\/li>\n<li><a href=\"\/blog\/geschirrspueler-richtig-reinigen\/\">Geschirrsp\u00fcler pflegen und reinigen<\/a><\/li>\n<li><a href=\"\/blog\/tv-wandhalterung-montage-anleitung\/\">TV-Wandhalterung selbst montieren<\/a><\/li>\n<li><a href=\"\/blog\/staubsauger-hepa-filter-ratgeber\/\">HEPA-Filter: Was du wissen musst<\/a><\/li>\n<\/ul>\n","protected":false},"excerpt":{"rendered":"<p>Praktische Tipps &#038; Tricks f\u00fcr zuhause Waschmaschine richtig reinigen Geschirrsp\u00fcler pflegen und reinigen TV-Wandhalterung selbst montieren HEPA-Filter: Was du wissen musst<\/p>\n","protected":false},"author":1,"featured_media":0,"parent":0,"menu_order":0,"comment_status":"closed","ping_status":"closed","template":"","meta":{"footnotes":""},"class_list":["post-62803","page","type-page","status-publish","hentry"],"yoast_head":"<!-- This site is optimized with the Yoast SEO plugin v27.5 - https:\/\/yoast.com\/product\/yoast-seo-wordpress\/ -->\n<title>Tipps &amp; Tricks \u2013 Praktische Ratgeber f\u00fcr den Alltag - Genius-Versand \/ Blog<\/title>\n<meta name=\"description\" content=\"Praktische Tipps und Tricks f\u00fcr Haushalt, Technik und mehr: Reinigungsanleitungen, Montagetipps und n\u00fctzliche Ratgeber auf einen Blick.\" \/>\n<meta name=\"robots\" content=\"index, follow, max-snippet:-1, max-image-preview:large, max-video-preview:-1\" \/>\n<link rel=\"canonical\" href=\"https:\/\/www.genius-versand.de\/blog\/tipps\/\" \/>\n<meta property=\"og:locale\" content=\"de_DE\" \/>\n<meta property=\"og:type\" content=\"article\" \/>\n<meta property=\"og:title\" content=\"Tipps &amp; Tricks \u2013 Praktische Ratgeber f\u00fcr den Alltag\" \/>\n<meta property=\"og:description\" content=\"Praktische Tipps und Tricks f\u00fcr Haushalt, Technik und mehr: Reinigungsanleitungen, Montagetipps und n\u00fctzliche Ratgeber auf einen Blick.\" \/>\n<meta property=\"og:url\" content=\"https:\/\/www.genius-versand.de\/blog\/tipps\/\" \/>\n<meta property=\"og:site_name\" content=\"Genius-Versand \/ Blog\" \/>\n<meta name=\"twitter:card\" content=\"summary_large_image\" \/>\n<script type=\"application\/ld+json\" class=\"yoast-schema-graph\">{\"@context\":\"https:\\\/\\\/schema.org\",\"@graph\":[{\"@type\":\"WebPage\",\"@id\":\"https:\\\/\\\/www.genius-versand.de\\\/blog\\\/tipps\\\/\",\"url\":\"https:\\\/\\\/www.genius-versand.de\\\/blog\\\/tipps\\\/\",\"name\":\"Tipps & Tricks \u2013 Praktische Ratgeber f\u00fcr den Alltag - Genius-Versand \\\/ Blog\",\"isPartOf\":{\"@id\":\"https:\\\/\\\/www.genius-versand.de\\\/blog\\\/#website\"},\"datePublished\":\"2024-08-14T09:00:00+00:00\",\"description\":\"Praktische Tipps und Tricks f\u00fcr Haushalt, Technik und mehr: Reinigungsanleitungen, Montagetipps und n\u00fctzliche Ratgeber auf einen Blick.\",\"breadcrumb\":{\"@id\":\"https:\\\/\\\/www.genius-versand.de\\\/blog\\\/tipps\\\/#breadcrumb\"},\"inLanguage\":\"de\",\"potentialAction\":[{\"@type\":\"ReadAction\",\"target\":[\"https:\\\/\\\/www.genius-versand.de\\\/blog\\\/tipps\\\/\"]}]},{\"@type\":\"BreadcrumbList\",\"@id\":\"https:\\\/\\\/www.genius-versand.de\\\/blog\\\/tipps\\\/#breadcrumb\",\"itemListElement\":[{\"@type\":\"ListItem\",\"position\":1,\"name\":\"Startseite\",\"item\":\"https:\\\/\\\/www.genius-versand.de\\\/blog\\\/\"},{\"@type\":\"ListItem\",\"position\":2,\"name\":\"Tipps &#038; Tricks: Ratgeber f\u00fcr den Alltag\"}]},{\"@type\":\"WebSite\",\"@id\":\"https:\\\/\\\/www.genius-versand.de\\\/blog\\\/#website\",\"url\":\"https:\\\/\\\/www.genius-versand.de\\\/blog\\\/\",\"name\":\"Genius-Versand \\\/ Blog\",\"description\":\"TV Wandhalterungen, Saugroboter, Roboterstaubsauger\",\"potentialAction\":[{\"@type\":\"SearchAction\",\"target\":{\"@type\":\"EntryPoint\",\"urlTemplate\":\"https:\\\/\\\/www.genius-versand.de\\\/blog\\\/?s={search_term_string}\"},\"query-input\":{\"@type\":\"PropertyValueSpecification\",\"valueRequired\":true,\"valueName\":\"search_term_string\"}}],\"inLanguage\":\"de\"}]}<\/script>\n<!-- \/ Yoast SEO plugin. -->","yoast_head_json":{"title":"Tipps & Tricks \u2013 Praktische Ratgeber f\u00fcr den Alltag - Genius-Versand \/ Blog","description":"Praktische Tipps und Tricks f\u00fcr Haushalt, Technik und mehr: Reinigungsanleitungen, Montagetipps und n\u00fctzliche Ratgeber auf einen Blick.","robots":{"index":"index","follow":"follow","max-snippet":"max-snippet:-1","max-image-preview":"max-image-preview:large","max-video-preview":"max-video-preview:-1"},"canonical":"https:\/\/www.genius-versand.de\/blog\/tipps\/","og_locale":"de_DE","og_type":"article","og_title":"Tipps & Tricks \u2013 Praktische Ratgeber f\u00fcr den Alltag","og_description":"Praktische Tipps und Tricks f\u00fcr Haushalt, Technik und mehr: Reinigungsanleitungen, Montagetipps und n\u00fctzliche Ratgeber auf einen Blick.","og_url":"https:\/\/www.genius-versand.de\/blog\/tipps\/","og_site_name":"Genius-Versand \/ Blog","twitter_card":"summary_large_image","schema":{"@context":"https:\/\/schema.org","@graph":[{"@type":"WebPage","@id":"https:\/\/www.genius-versand.de\/blog\/tipps\/","url":"https:\/\/www.genius-versand.de\/blog\/tipps\/","name":"Tipps & Tricks \u2013 Praktische Ratgeber f\u00fcr den Alltag - Genius-Versand \/ Blog","isPartOf":{"@id":"https:\/\/www.genius-versand.de\/blog\/#website"},"datePublished":"2024-08-14T09:00:00+00:00","description":"Praktische Tipps und Tricks f\u00fcr Haushalt, Technik und mehr: Reinigungsanleitungen, Montagetipps und n\u00fctzliche Ratgeber auf einen Blick.","breadcrumb":{"@id":"https:\/\/www.genius-versand.de\/blog\/tipps\/#breadcrumb"},"inLanguage":"de","potentialAction":[{"@type":"ReadAction","target":["https:\/\/www.genius-versand.de\/blog\/tipps\/"]}]},{"@type":"BreadcrumbList","@id":"https:\/\/www.genius-versand.de\/blog\/tipps\/#breadcrumb","itemListElement":[{"@type":"ListItem","position":1,"name":"Startseite","item":"https:\/\/www.genius-versand.de\/blog\/"},{"@type":"ListItem","position":2,"name":"Tipps &#038; Tricks: Ratgeber f\u00fcr den Alltag"}]},{"@type":"WebSite","@id":"https:\/\/www.genius-versand.de\/blog\/#website","url":"https:\/\/www.genius-versand.de\/blog\/","name":"Genius-Versand \/ Blog","description":"TV Wandhalterungen, Saugroboter, Roboterstaubsauger","potentialAction":[{"@type":"SearchAction","target":{"@type":"EntryPoint","urlTemplate":"https:\/\/www.genius-versand.de\/blog\/?s={search_term_string}"},"query-input":{"@type":"PropertyValueSpecification","valueRequired":true,"valueName":"search_term_string"}}],"inLanguage":"de"}]}},"_links":{"self":[{"href":"https:\/\/www.genius-versand.de\/blog\/wp-json\/wp\/v2\/pages\/62803","targetHints":{"allow":["GET"]}}],"collection":[{"href":"https:\/\/www.genius-versand.de\/blog\/wp-json\/wp\/v2\/pages"}],"about":[{"href":"https:\/\/www.genius-versand.de\/blog\/wp-json\/wp\/v2\/types\/page"}],"author":[{"embeddable":true,"href":"https:\/\/www.genius-versand.de\/blog\/wp-json\/wp\/v2\/users\/1"}],"replies":[{"embeddable":true,"href":"https:\/\/www.genius-versand.de\/blog\/wp-json\/wp\/v2\/comments?post=62803"}],"version-history":[{"count":0,"href":"https:\/\/www.genius-versand.de\/blog\/wp-json\/wp\/v2\/pages\/62803\/revisions"}],"wp:attachment":[{"href":"https:\/\/www.genius-versand.de\/blog\/wp-json\/wp\/v2\/media?parent=62803"}],"curies":[{"name":"wp","href":"https:\/\/api.w.org\/{rel}","templated":true}]}}