{"id":62805,"date":"2024-03-07T09:00:00","date_gmt":"2024-03-07T09:00:00","guid":{"rendered":"https:\/\/www.genius-versand.de\/blog\/?page_id=3069"},"modified":"2024-03-07T09:00:00","modified_gmt":"2024-03-07T09:00:00","slug":"ueber-uns","status":"publish","type":"page","link":"https:\/\/www.genius-versand.de\/blog\/ueber-uns\/","title":{"rendered":"\u00dcber uns: Wer steckt dahinter?"},"content":{"rendered":"<h2>\u00dcber den Genius Versand Blog<\/h2>\n<p>Wir sind das Redaktionsteam von genius-versand.de \u2013 ein unabh\u00e4ngiger Produktratgeber f\u00fcr Haushalt, Technik, Garten und mehr.<\/p>\n<h3>Unsere Mission<\/h3>\n<p>Wir helfen dir, das beste Produkt f\u00fcr deinen Bedarf zu finden \u2013 ehrlich, verst\u00e4ndlich und ohne Marketing-Blabla.<\/p>\n","protected":false},"excerpt":{"rendered":"<p>\u00dcber den Genius Versand Blog Wir sind das Redaktionsteam von genius-versand.de \u2013 ein unabh\u00e4ngiger Produktratgeber f\u00fcr Haushalt, Technik, Garten und mehr. Unsere Mission Wir helfen dir, das beste Produkt f\u00fcr deinen Bedarf zu finden \u2013 ehrlich, verst\u00e4ndlich und ohne Marketing-Blabla.<\/p>\n","protected":false},"author":1,"featured_media":0,"parent":0,"menu_order":0,"comment_status":"closed","ping_status":"closed","template":"","meta":{"footnotes":""},"class_list":["post-62805","page","type-page","status-publish","hentry"],"yoast_head":"<!-- This site is optimized with the Yoast SEO plugin v27.5 - https:\/\/yoast.com\/product\/yoast-seo-wordpress\/ -->\n<title>\u00dcber uns \u2013 Das Team hinter Genius Versand Blog - Genius-Versand \/ Blog<\/title>\n<meta name=\"description\" content=\"Genius Versand Blog: Wer wir sind und warum wir unabh\u00e4ngige Produktratgeber schreiben. Unser Ziel ist es, dir bei der besten Kaufentscheidung zu helfen.\" \/>\n<meta name=\"robots\" content=\"index, follow, max-snippet:-1, max-image-preview:large, max-video-preview:-1\" \/>\n<link rel=\"canonical\" href=\"https:\/\/www.genius-versand.de\/blog\/ueber-uns\/\" \/>\n<meta property=\"og:locale\" content=\"de_DE\" \/>\n<meta property=\"og:type\" content=\"article\" \/>\n<meta property=\"og:title\" content=\"\u00dcber uns \u2013 Das Team hinter Genius Versand Blog\" \/>\n<meta property=\"og:description\" content=\"Genius Versand Blog: Wer wir sind und warum wir unabh\u00e4ngige Produktratgeber schreiben. Unser Ziel ist es, dir bei der besten Kaufentscheidung zu helfen.\" \/>\n<meta property=\"og:url\" content=\"https:\/\/www.genius-versand.de\/blog\/ueber-uns\/\" \/>\n<meta property=\"og:site_name\" content=\"Genius-Versand \/ Blog\" \/>\n<meta name=\"twitter:card\" content=\"summary_large_image\" \/>\n<script type=\"application\/ld+json\" class=\"yoast-schema-graph\">{\"@context\":\"https:\\\/\\\/schema.org\",\"@graph\":[{\"@type\":\"WebPage\",\"@id\":\"https:\\\/\\\/www.genius-versand.de\\\/blog\\\/ueber-uns\\\/\",\"url\":\"https:\\\/\\\/www.genius-versand.de\\\/blog\\\/ueber-uns\\\/\",\"name\":\"\u00dcber uns \u2013 Das Team hinter Genius Versand Blog - Genius-Versand \\\/ Blog\",\"isPartOf\":{\"@id\":\"https:\\\/\\\/www.genius-versand.de\\\/blog\\\/#website\"},\"datePublished\":\"2024-03-07T09:00:00+00:00\",\"description\":\"Genius Versand Blog: Wer wir sind und warum wir unabh\u00e4ngige Produktratgeber schreiben. Unser Ziel ist es, dir bei der besten Kaufentscheidung zu helfen.\",\"breadcrumb\":{\"@id\":\"https:\\\/\\\/www.genius-versand.de\\\/blog\\\/ueber-uns\\\/#breadcrumb\"},\"inLanguage\":\"de\",\"potentialAction\":[{\"@type\":\"ReadAction\",\"target\":[\"https:\\\/\\\/www.genius-versand.de\\\/blog\\\/ueber-uns\\\/\"]}]},{\"@type\":\"BreadcrumbList\",\"@id\":\"https:\\\/\\\/www.genius-versand.de\\\/blog\\\/ueber-uns\\\/#breadcrumb\",\"itemListElement\":[{\"@type\":\"ListItem\",\"position\":1,\"name\":\"Startseite\",\"item\":\"https:\\\/\\\/www.genius-versand.de\\\/blog\\\/\"},{\"@type\":\"ListItem\",\"position\":2,\"name\":\"\u00dcber uns: Wer steckt dahinter?\"}]},{\"@type\":\"WebSite\",\"@id\":\"https:\\\/\\\/www.genius-versand.de\\\/blog\\\/#website\",\"url\":\"https:\\\/\\\/www.genius-versand.de\\\/blog\\\/\",\"name\":\"Genius-Versand \\\/ Blog\",\"description\":\"TV Wandhalterungen, Saugroboter, Roboterstaubsauger\",\"potentialAction\":[{\"@type\":\"SearchAction\",\"target\":{\"@type\":\"EntryPoint\",\"urlTemplate\":\"https:\\\/\\\/www.genius-versand.de\\\/blog\\\/?s={search_term_string}\"},\"query-input\":{\"@type\":\"PropertyValueSpecification\",\"valueRequired\":true,\"valueName\":\"search_term_string\"}}],\"inLanguage\":\"de\"}]}<\/script>\n<!-- \/ Yoast SEO plugin. -->","yoast_head_json":{"title":"\u00dcber uns \u2013 Das Team hinter Genius Versand Blog - Genius-Versand \/ Blog","description":"Genius Versand Blog: Wer wir sind und warum wir unabh\u00e4ngige Produktratgeber schreiben. Unser Ziel ist es, dir bei der besten Kaufentscheidung zu helfen.","robots":{"index":"index","follow":"follow","max-snippet":"max-snippet:-1","max-image-preview":"max-image-preview:large","max-video-preview":"max-video-preview:-1"},"canonical":"https:\/\/www.genius-versand.de\/blog\/ueber-uns\/","og_locale":"de_DE","og_type":"article","og_title":"\u00dcber uns \u2013 Das Team hinter Genius Versand Blog","og_description":"Genius Versand Blog: Wer wir sind und warum wir unabh\u00e4ngige Produktratgeber schreiben. Unser Ziel ist es, dir bei der besten Kaufentscheidung zu helfen.","og_url":"https:\/\/www.genius-versand.de\/blog\/ueber-uns\/","og_site_name":"Genius-Versand \/ Blog","twitter_card":"summary_large_image","schema":{"@context":"https:\/\/schema.org","@graph":[{"@type":"WebPage","@id":"https:\/\/www.genius-versand.de\/blog\/ueber-uns\/","url":"https:\/\/www.genius-versand.de\/blog\/ueber-uns\/","name":"\u00dcber uns \u2013 Das Team hinter Genius Versand Blog - Genius-Versand \/ Blog","isPartOf":{"@id":"https:\/\/www.genius-versand.de\/blog\/#website"},"datePublished":"2024-03-07T09:00:00+00:00","description":"Genius Versand Blog: Wer wir sind und warum wir unabh\u00e4ngige Produktratgeber schreiben. Unser Ziel ist es, dir bei der besten Kaufentscheidung zu helfen.","breadcrumb":{"@id":"https:\/\/www.genius-versand.de\/blog\/ueber-uns\/#breadcrumb"},"inLanguage":"de","potentialAction":[{"@type":"ReadAction","target":["https:\/\/www.genius-versand.de\/blog\/ueber-uns\/"]}]},{"@type":"BreadcrumbList","@id":"https:\/\/www.genius-versand.de\/blog\/ueber-uns\/#breadcrumb","itemListElement":[{"@type":"ListItem","position":1,"name":"Startseite","item":"https:\/\/www.genius-versand.de\/blog\/"},{"@type":"ListItem","position":2,"name":"\u00dcber uns: Wer steckt dahinter?"}]},{"@type":"WebSite","@id":"https:\/\/www.genius-versand.de\/blog\/#website","url":"https:\/\/www.genius-versand.de\/blog\/","name":"Genius-Versand \/ Blog","description":"TV Wandhalterungen, Saugroboter, Roboterstaubsauger","potentialAction":[{"@type":"SearchAction","target":{"@type":"EntryPoint","urlTemplate":"https:\/\/www.genius-versand.de\/blog\/?s={search_term_string}"},"query-input":{"@type":"PropertyValueSpecification","valueRequired":true,"valueName":"search_term_string"}}],"inLanguage":"de"}]}},"_links":{"self":[{"href":"https:\/\/www.genius-versand.de\/blog\/wp-json\/wp\/v2\/pages\/62805","targetHints":{"allow":["GET"]}}],"collection":[{"href":"https:\/\/www.genius-versand.de\/blog\/wp-json\/wp\/v2\/pages"}],"about":[{"href":"https:\/\/www.genius-versand.de\/blog\/wp-json\/wp\/v2\/types\/page"}],"author":[{"embeddable":true,"href":"https:\/\/www.genius-versand.de\/blog\/wp-json\/wp\/v2\/users\/1"}],"replies":[{"embeddable":true,"href":"https:\/\/www.genius-versand.de\/blog\/wp-json\/wp\/v2\/comments?post=62805"}],"version-history":[{"count":0,"href":"https:\/\/www.genius-versand.de\/blog\/wp-json\/wp\/v2\/pages\/62805\/revisions"}],"wp:attachment":[{"href":"https:\/\/www.genius-versand.de\/blog\/wp-json\/wp\/v2\/media?parent=62805"}],"curies":[{"name":"wp","href":"https:\/\/api.w.org\/{rel}","templated":true}]}}