{"id":62810,"date":"2024-12-10T09:00:00","date_gmt":"2024-12-10T09:00:00","guid":{"rendered":"https:\/\/www.genius-versand.de\/blog\/?page_id=3075"},"modified":"2024-12-10T09:00:00","modified_gmt":"2024-12-10T09:00:00","slug":"kuechengeraete","status":"publish","type":"page","link":"https:\/\/www.genius-versand.de\/blog\/kuechengeraete\/","title":{"rendered":"K\u00fcchenger\u00e4te Ratgeber"},"content":{"rendered":"<h2>K\u00fcchenger\u00e4te: Alle Tests auf einen Blick<\/h2>\n    <div class=\"gv-bestseller-section\">\n              <div class=\"gv-bestseller-title\">Bestseller K\u00fcchenger\u00e4te<\/div>\n      \n              <div style=\"background:#f8fafc;border:1px solid #e2e8f0;border-radius:10px;padding:20px;text-align:center;margin:12px 0;\">\n          <p style=\"margin-bottom:12px;color:#64748b;\">Aktuelle Produktauswahl direkt bei Amazon:<\/p>\n          <a href=\"https:\/\/www.12werk.de\/rdr.php?site=geniusversandblog&#038;source=bestseller&#038;url=https%3A%2F%2Fwww.amazon.de%2Fs%3Fk%3Dk%25C3%25BCchenger%25C3%25A4te%2Btest%2Bbestseller%26tag%3Dwwwgeniusvers-blog-affiliseo-21\" target=\"_blank\" rel=\"nofollow noopener sponsored\"\n             style=\"display:inline-flex;align-items:center;gap:8px;background:#f97316;color:white;padding:11px 20px;border-radius:8px;font-weight:700;text-decoration:none;\">\n            \ud83d\uded2 Jetzt bei Amazon ansehen\n          <\/a>\n        <\/div>\n          <\/div>\n    \n<ul>\n<li><a href=\"\/blog\/heissluftfritteuse-test-vergleich\/\">Hei\u00dfluftfritteuse Test<\/a><\/li>\n<li><a href=\"\/blog\/spiralschneider-test-vergleich\/\">Spiralschneider Test<\/a><\/li>\n<li><a href=\"\/blog\/geschirrspueler-richtig-reinigen\/\">Geschirrsp\u00fcler reinigen<\/a><\/li>\n<\/ul>\n","protected":false},"excerpt":{"rendered":"<p>K\u00fcchenger\u00e4te: Alle Tests auf einen Blick Hei\u00dfluftfritteuse Test Spiralschneider Test Geschirrsp\u00fcler reinigen<\/p>\n","protected":false},"author":1,"featured_media":0,"parent":0,"menu_order":0,"comment_status":"closed","ping_status":"closed","template":"","meta":{"footnotes":""},"class_list":["post-62810","page","type-page","status-publish","hentry"],"yoast_head":"<!-- This site is optimized with the Yoast SEO plugin v27.5 - https:\/\/yoast.com\/product\/yoast-seo-wordpress\/ -->\n<title>K\u00fcchenger\u00e4te Ratgeber \u2013 Tests &amp; Kaufempfehlungen - Genius-Versand \/ Blog<\/title>\n<meta name=\"description\" content=\"K\u00fcchenger\u00e4te kaufen: Hei\u00dfluftfritteusen, Spiralschneider und mehr im Test. Die besten Helfer f\u00fcr die moderne K\u00fcche im Vergleich.\" \/>\n<meta name=\"robots\" content=\"index, follow, max-snippet:-1, max-image-preview:large, max-video-preview:-1\" \/>\n<link rel=\"canonical\" href=\"https:\/\/www.genius-versand.de\/blog\/ratgeber\/kuechengeraete\/\" \/>\n<meta property=\"og:locale\" content=\"de_DE\" \/>\n<meta property=\"og:type\" content=\"article\" \/>\n<meta property=\"og:title\" content=\"K\u00fcchenger\u00e4te Ratgeber \u2013 Tests &amp; Kaufempfehlungen\" \/>\n<meta property=\"og:description\" content=\"K\u00fcchenger\u00e4te kaufen: Hei\u00dfluftfritteusen, Spiralschneider und mehr im Test. Die besten Helfer f\u00fcr die moderne K\u00fcche im Vergleich.\" \/>\n<meta property=\"og:url\" content=\"https:\/\/www.genius-versand.de\/blog\/ratgeber\/kuechengeraete\/\" \/>\n<meta property=\"og:site_name\" content=\"Genius-Versand \/ Blog\" \/>\n<meta name=\"twitter:card\" content=\"summary_large_image\" \/>\n<script type=\"application\/ld+json\" class=\"yoast-schema-graph\">{\"@context\":\"https:\\\/\\\/schema.org\",\"@graph\":[{\"@type\":\"WebPage\",\"@id\":\"https:\\\/\\\/www.genius-versand.de\\\/blog\\\/kuechengeraete\\\/\",\"url\":\"https:\\\/\\\/www.genius-versand.de\\\/blog\\\/ratgeber\\\/kuechengeraete\\\/\",\"name\":\"K\u00fcchenger\u00e4te Ratgeber \u2013 Tests & Kaufempfehlungen - Genius-Versand \\\/ Blog\",\"isPartOf\":{\"@id\":\"https:\\\/\\\/www.genius-versand.de\\\/blog\\\/#website\"},\"datePublished\":\"2024-12-10T09:00:00+00:00\",\"description\":\"K\u00fcchenger\u00e4te kaufen: Hei\u00dfluftfritteusen, Spiralschneider und mehr im Test. Die besten Helfer f\u00fcr die moderne K\u00fcche im Vergleich.\",\"breadcrumb\":{\"@id\":\"https:\\\/\\\/www.genius-versand.de\\\/blog\\\/ratgeber\\\/kuechengeraete\\\/#breadcrumb\"},\"inLanguage\":\"de\",\"potentialAction\":[{\"@type\":\"ReadAction\",\"target\":[\"https:\\\/\\\/www.genius-versand.de\\\/blog\\\/ratgeber\\\/kuechengeraete\\\/\"]}]},{\"@type\":\"BreadcrumbList\",\"@id\":\"https:\\\/\\\/www.genius-versand.de\\\/blog\\\/ratgeber\\\/kuechengeraete\\\/#breadcrumb\",\"itemListElement\":[{\"@type\":\"ListItem\",\"position\":1,\"name\":\"Startseite\",\"item\":\"https:\\\/\\\/www.genius-versand.de\\\/blog\\\/\"},{\"@type\":\"ListItem\",\"position\":2,\"name\":\"K\u00fcchenger\u00e4te Ratgeber\"}]},{\"@type\":\"WebSite\",\"@id\":\"https:\\\/\\\/www.genius-versand.de\\\/blog\\\/#website\",\"url\":\"https:\\\/\\\/www.genius-versand.de\\\/blog\\\/\",\"name\":\"Genius-Versand \\\/ Blog\",\"description\":\"TV Wandhalterungen, Saugroboter, Roboterstaubsauger\",\"potentialAction\":[{\"@type\":\"SearchAction\",\"target\":{\"@type\":\"EntryPoint\",\"urlTemplate\":\"https:\\\/\\\/www.genius-versand.de\\\/blog\\\/?s={search_term_string}\"},\"query-input\":{\"@type\":\"PropertyValueSpecification\",\"valueRequired\":true,\"valueName\":\"search_term_string\"}}],\"inLanguage\":\"de\"}]}<\/script>\n<!-- \/ Yoast SEO plugin. -->","yoast_head_json":{"title":"K\u00fcchenger\u00e4te Ratgeber \u2013 Tests & Kaufempfehlungen - Genius-Versand \/ Blog","description":"K\u00fcchenger\u00e4te kaufen: Hei\u00dfluftfritteusen, Spiralschneider und mehr im Test. Die besten Helfer f\u00fcr die moderne K\u00fcche im Vergleich.","robots":{"index":"index","follow":"follow","max-snippet":"max-snippet:-1","max-image-preview":"max-image-preview:large","max-video-preview":"max-video-preview:-1"},"canonical":"https:\/\/www.genius-versand.de\/blog\/ratgeber\/kuechengeraete\/","og_locale":"de_DE","og_type":"article","og_title":"K\u00fcchenger\u00e4te Ratgeber \u2013 Tests & Kaufempfehlungen","og_description":"K\u00fcchenger\u00e4te kaufen: Hei\u00dfluftfritteusen, Spiralschneider und mehr im Test. Die besten Helfer f\u00fcr die moderne K\u00fcche im Vergleich.","og_url":"https:\/\/www.genius-versand.de\/blog\/ratgeber\/kuechengeraete\/","og_site_name":"Genius-Versand \/ Blog","twitter_card":"summary_large_image","schema":{"@context":"https:\/\/schema.org","@graph":[{"@type":"WebPage","@id":"https:\/\/www.genius-versand.de\/blog\/kuechengeraete\/","url":"https:\/\/www.genius-versand.de\/blog\/ratgeber\/kuechengeraete\/","name":"K\u00fcchenger\u00e4te Ratgeber \u2013 Tests & Kaufempfehlungen - Genius-Versand \/ Blog","isPartOf":{"@id":"https:\/\/www.genius-versand.de\/blog\/#website"},"datePublished":"2024-12-10T09:00:00+00:00","description":"K\u00fcchenger\u00e4te kaufen: Hei\u00dfluftfritteusen, Spiralschneider und mehr im Test. Die besten Helfer f\u00fcr die moderne K\u00fcche im Vergleich.","breadcrumb":{"@id":"https:\/\/www.genius-versand.de\/blog\/ratgeber\/kuechengeraete\/#breadcrumb"},"inLanguage":"de","potentialAction":[{"@type":"ReadAction","target":["https:\/\/www.genius-versand.de\/blog\/ratgeber\/kuechengeraete\/"]}]},{"@type":"BreadcrumbList","@id":"https:\/\/www.genius-versand.de\/blog\/ratgeber\/kuechengeraete\/#breadcrumb","itemListElement":[{"@type":"ListItem","position":1,"name":"Startseite","item":"https:\/\/www.genius-versand.de\/blog\/"},{"@type":"ListItem","position":2,"name":"K\u00fcchenger\u00e4te Ratgeber"}]},{"@type":"WebSite","@id":"https:\/\/www.genius-versand.de\/blog\/#website","url":"https:\/\/www.genius-versand.de\/blog\/","name":"Genius-Versand \/ Blog","description":"TV Wandhalterungen, Saugroboter, Roboterstaubsauger","potentialAction":[{"@type":"SearchAction","target":{"@type":"EntryPoint","urlTemplate":"https:\/\/www.genius-versand.de\/blog\/?s={search_term_string}"},"query-input":{"@type":"PropertyValueSpecification","valueRequired":true,"valueName":"search_term_string"}}],"inLanguage":"de"}]}},"_links":{"self":[{"href":"https:\/\/www.genius-versand.de\/blog\/wp-json\/wp\/v2\/pages\/62810","targetHints":{"allow":["GET"]}}],"collection":[{"href":"https:\/\/www.genius-versand.de\/blog\/wp-json\/wp\/v2\/pages"}],"about":[{"href":"https:\/\/www.genius-versand.de\/blog\/wp-json\/wp\/v2\/types\/page"}],"author":[{"embeddable":true,"href":"https:\/\/www.genius-versand.de\/blog\/wp-json\/wp\/v2\/users\/1"}],"replies":[{"embeddable":true,"href":"https:\/\/www.genius-versand.de\/blog\/wp-json\/wp\/v2\/comments?post=62810"}],"version-history":[{"count":0,"href":"https:\/\/www.genius-versand.de\/blog\/wp-json\/wp\/v2\/pages\/62810\/revisions"}],"wp:attachment":[{"href":"https:\/\/www.genius-versand.de\/blog\/wp-json\/wp\/v2\/media?parent=62810"}],"curies":[{"name":"wp","href":"https:\/\/api.w.org\/{rel}","templated":true}]}}